{"id":11,"date":"2024-03-25T11:05:26","date_gmt":"2024-03-25T10:05:26","guid":{"rendered":"http:\/\/alitom.pl\/opakowania\/?page_id=11"},"modified":"2024-06-20T15:16:25","modified_gmt":"2024-06-20T13:16:25","slug":"oferta","status":"publish","type":"page","link":"http:\/\/alitom.pl\/opakowania\/oferta\/","title":{"rendered":"Oferta"},"content":{"rendered":"<p>Zapraszamy do zapoznania si\u0119 z nasz\u0105 ofert\u0105 opakowa\u0144. W katalogu znajd\u0105 Pa\u0144stwo 11 kategorii pojemnik\u00f3w z tworzyw sztucznych: <b>butelki<\/b>, <b>kanistry<\/b>, <b>beczki<\/b> oraz <b>s\u0142oiki<\/b> wykorzystywane do przechowywania oraz transportu materia\u0142\u00f3w p\u0142ynnych; <b>skrzynki<\/b>, <b>skrzyniopalety<\/b> oraz <b>palety<\/b> wykorzystywane do transportu oraz magazynowania zar\u00f3wno produkt\u00f3w spo\u017cywczych jak i element\u00f3w technicznych; ponadto oferujemy wysokiej jako\u015bci: <b>lejki<\/b>, <b>zlewki<\/b>, <b>nakr\u0119tki do kanistr\u00f3w i butelek<\/b> oraz <b>wiaderka plastikowe<\/b>.<\/p>\n<h2>Opakowania plastikowe dla ka\u017cdej bran\u017cy<\/h2>\n<p>Specjalizujemy si\u0119 w sprzeda\u017cy pojemnik\u00f3w wykonanych z tworzyw sztucznych, kt\u00f3re znajduj\u0105 zastosowanie w niemal\u017ce ka\u017cdej ga\u0142\u0119zi przemys\u0142u. Wsp\u00f3\u0142pracujemy z firmami z bran\u017cy: chemicznej, farmaceutycznej, motoryzacyjnej, rolniczej, spo\u017cywczej oraz szeroko poj\u0119tej bran\u017cy technicznej.<\/p>\n<h2>Pojemniki plastikowe najwy\u017cszej jako\u015bci.<\/h2>\n<p>Oferujemy Pa\u0144stwu certyfikowane, plastikowe opakowania najwy\u017cszej jako\u015bci. Wszystkie nasze pojemniki produkowane s\u0105 z pe\u0142nowarto\u015bciowych, oryginalnych tworzyw sztucznych HDPE, LDPE, PE, PET, PP zapewniaj\u0105cych d\u0142ugotrwa\u0142e u\u017cytkowanie. Wi\u0119kszo\u015b\u0107 opakowa\u0144 <b>dopuszczonych jest do kontaktu z \u017cywno\u015bci\u0105<\/b> oraz wybrane butelki oraz kanistry posiadaj\u0105 <b>certyfikaty do przewozu materia\u0142\u00f3w niebezpiecznych<\/b>, co potwierdzone jest odpowiedni\u0105 dokumentacj\u0105.<\/p>\n","protected":false},"excerpt":{"rendered":"<p>Zapraszamy do zapoznania si\u0119 z nasz\u0105 ofert\u0105 opakowa\u0144. W katalogu znajd\u0105 Pa\u0144stwo 11 kategorii pojemnik\u00f3w z tworzyw sztucznych: butelki, kanistry, beczki oraz s\u0142oiki wykorzystywane do przechowywania oraz transportu materia\u0142\u00f3w p\u0142ynnych; skrzynki, skrzyniopalety oraz palety wykorzystywane do transportu oraz magazynowania zar\u00f3wno produkt\u00f3w spo\u017cywczych jak i element\u00f3w technicznych; ponadto oferujemy wysokiej jako\u015bci: lejki, zlewki, nakr\u0119tki do kanistr\u00f3w [&hellip;]<\/p>\n","protected":false},"author":1,"featured_media":0,"parent":0,"menu_order":0,"comment_status":"closed","ping_status":"closed","template":"","meta":{"_acf_changed":false,"footnotes":""},"class_list":["post-11","page","type-page","status-publish","hentry"],"acf":[],"yoast_head":"<!-- This site is optimized with the Yoast SEO plugin v22.8 - https:\/\/yoast.com\/wordpress\/plugins\/seo\/ -->\n<title>Oferta opakowa\u0144: kanistry, butelki, s\u0142oiki - OPAKOWANIA ALITOM<\/title>\n<meta name=\"description\" content=\"Szeroka oferta opakowa\u0144 z tworzyw sztucznych dla ka\u017cdej bran\u017cy. Oferujemy pojemniki plastikowe najwy\u017cszej jako\u015bci: kanistry, butelki, s\u0142oiki.\" \/>\n<meta name=\"robots\" content=\"index, follow, max-snippet:-1, max-image-preview:large, max-video-preview:-1\" \/>\n<link rel=\"canonical\" href=\"http:\/\/alitom.pl\/opakowania\/oferta\/\" \/>\n<meta property=\"og:locale\" content=\"pl_PL\" \/>\n<meta property=\"og:type\" content=\"article\" \/>\n<meta property=\"og:title\" content=\"Oferta opakowa\u0144: kanistry, butelki, s\u0142oiki - OPAKOWANIA ALITOM\" \/>\n<meta property=\"og:description\" content=\"Szeroka oferta opakowa\u0144 z tworzyw sztucznych dla ka\u017cdej bran\u017cy. Oferujemy pojemniki plastikowe najwy\u017cszej jako\u015bci: kanistry, butelki, s\u0142oiki.\" \/>\n<meta property=\"og:url\" content=\"http:\/\/alitom.pl\/opakowania\/oferta\/\" \/>\n<meta property=\"og:site_name\" content=\"ALITOM\" \/>\n<meta property=\"article:modified_time\" content=\"2024-06-20T13:16:25+00:00\" \/>\n<meta name=\"twitter:card\" content=\"summary_large_image\" \/>\n<meta name=\"twitter:label1\" content=\"Szacowany czas czytania\" \/>\n\t<meta name=\"twitter:data1\" content=\"1 minuta\" \/>\n<script type=\"application\/ld+json\" class=\"yoast-schema-graph\">{\"@context\":\"https:\/\/schema.org\",\"@graph\":[{\"@type\":\"WebPage\",\"@id\":\"http:\/\/alitom.pl\/opakowania\/oferta\/\",\"url\":\"http:\/\/alitom.pl\/opakowania\/oferta\/\",\"name\":\"Oferta opakowa\u0144: kanistry, butelki, s\u0142oiki - OPAKOWANIA ALITOM\",\"isPartOf\":{\"@id\":\"http:\/\/alitom.pl\/opakowania\/#website\"},\"datePublished\":\"2024-03-25T10:05:26+00:00\",\"dateModified\":\"2024-06-20T13:16:25+00:00\",\"description\":\"Szeroka oferta opakowa\u0144 z tworzyw sztucznych dla ka\u017cdej bran\u017cy. Oferujemy pojemniki plastikowe najwy\u017cszej jako\u015bci: kanistry, butelki, s\u0142oiki.\",\"breadcrumb\":{\"@id\":\"http:\/\/alitom.pl\/opakowania\/oferta\/#breadcrumb\"},\"inLanguage\":\"pl-PL\",\"potentialAction\":[{\"@type\":\"ReadAction\",\"target\":[\"http:\/\/alitom.pl\/opakowania\/oferta\/\"]}]},{\"@type\":\"BreadcrumbList\",\"@id\":\"http:\/\/alitom.pl\/opakowania\/oferta\/#breadcrumb\",\"itemListElement\":[{\"@type\":\"ListItem\",\"position\":1,\"name\":\"Strona g\u0142\u00f3wna\",\"item\":\"http:\/\/alitom.pl\/opakowania\/\"},{\"@type\":\"ListItem\",\"position\":2,\"name\":\"Oferta\"}]},{\"@type\":\"WebSite\",\"@id\":\"http:\/\/alitom.pl\/opakowania\/#website\",\"url\":\"http:\/\/alitom.pl\/opakowania\/\",\"name\":\"ALITOM\",\"description\":\"Opakowania z tworzyw sztucznych\",\"potentialAction\":[{\"@type\":\"SearchAction\",\"target\":{\"@type\":\"EntryPoint\",\"urlTemplate\":\"http:\/\/alitom.pl\/opakowania\/?s={search_term_string}\"},\"query-input\":\"required name=search_term_string\"}],\"inLanguage\":\"pl-PL\"}]}<\/script>\n<!-- \/ Yoast SEO plugin. -->","yoast_head_json":{"title":"Oferta opakowa\u0144: kanistry, butelki, s\u0142oiki - OPAKOWANIA ALITOM","description":"Szeroka oferta opakowa\u0144 z tworzyw sztucznych dla ka\u017cdej bran\u017cy. Oferujemy pojemniki plastikowe najwy\u017cszej jako\u015bci: kanistry, butelki, s\u0142oiki.","robots":{"index":"index","follow":"follow","max-snippet":"max-snippet:-1","max-image-preview":"max-image-preview:large","max-video-preview":"max-video-preview:-1"},"canonical":"http:\/\/alitom.pl\/opakowania\/oferta\/","og_locale":"pl_PL","og_type":"article","og_title":"Oferta opakowa\u0144: kanistry, butelki, s\u0142oiki - OPAKOWANIA ALITOM","og_description":"Szeroka oferta opakowa\u0144 z tworzyw sztucznych dla ka\u017cdej bran\u017cy. Oferujemy pojemniki plastikowe najwy\u017cszej jako\u015bci: kanistry, butelki, s\u0142oiki.","og_url":"http:\/\/alitom.pl\/opakowania\/oferta\/","og_site_name":"ALITOM","article_modified_time":"2024-06-20T13:16:25+00:00","twitter_card":"summary_large_image","twitter_misc":{"Szacowany czas czytania":"1 minuta"},"schema":{"@context":"https:\/\/schema.org","@graph":[{"@type":"WebPage","@id":"http:\/\/alitom.pl\/opakowania\/oferta\/","url":"http:\/\/alitom.pl\/opakowania\/oferta\/","name":"Oferta opakowa\u0144: kanistry, butelki, s\u0142oiki - OPAKOWANIA ALITOM","isPartOf":{"@id":"http:\/\/alitom.pl\/opakowania\/#website"},"datePublished":"2024-03-25T10:05:26+00:00","dateModified":"2024-06-20T13:16:25+00:00","description":"Szeroka oferta opakowa\u0144 z tworzyw sztucznych dla ka\u017cdej bran\u017cy. Oferujemy pojemniki plastikowe najwy\u017cszej jako\u015bci: kanistry, butelki, s\u0142oiki.","breadcrumb":{"@id":"http:\/\/alitom.pl\/opakowania\/oferta\/#breadcrumb"},"inLanguage":"pl-PL","potentialAction":[{"@type":"ReadAction","target":["http:\/\/alitom.pl\/opakowania\/oferta\/"]}]},{"@type":"BreadcrumbList","@id":"http:\/\/alitom.pl\/opakowania\/oferta\/#breadcrumb","itemListElement":[{"@type":"ListItem","position":1,"name":"Strona g\u0142\u00f3wna","item":"http:\/\/alitom.pl\/opakowania\/"},{"@type":"ListItem","position":2,"name":"Oferta"}]},{"@type":"WebSite","@id":"http:\/\/alitom.pl\/opakowania\/#website","url":"http:\/\/alitom.pl\/opakowania\/","name":"ALITOM","description":"Opakowania z tworzyw sztucznych","potentialAction":[{"@type":"SearchAction","target":{"@type":"EntryPoint","urlTemplate":"http:\/\/alitom.pl\/opakowania\/?s={search_term_string}"},"query-input":"required name=search_term_string"}],"inLanguage":"pl-PL"}]}},"_links":{"self":[{"href":"http:\/\/alitom.pl\/opakowania\/wp-json\/wp\/v2\/pages\/11","targetHints":{"allow":["GET"]}}],"collection":[{"href":"http:\/\/alitom.pl\/opakowania\/wp-json\/wp\/v2\/pages"}],"about":[{"href":"http:\/\/alitom.pl\/opakowania\/wp-json\/wp\/v2\/types\/page"}],"author":[{"embeddable":true,"href":"http:\/\/alitom.pl\/opakowania\/wp-json\/wp\/v2\/users\/1"}],"replies":[{"embeddable":true,"href":"http:\/\/alitom.pl\/opakowania\/wp-json\/wp\/v2\/comments?post=11"}],"version-history":[{"count":17,"href":"http:\/\/alitom.pl\/opakowania\/wp-json\/wp\/v2\/pages\/11\/revisions"}],"predecessor-version":[{"id":789,"href":"http:\/\/alitom.pl\/opakowania\/wp-json\/wp\/v2\/pages\/11\/revisions\/789"}],"wp:attachment":[{"href":"http:\/\/alitom.pl\/opakowania\/wp-json\/wp\/v2\/media?parent=11"}],"curies":[{"name":"wp","href":"https:\/\/api.w.org\/{rel}","templated":true}]}}