{"id":9,"date":"2024-03-25T11:05:13","date_gmt":"2024-03-25T10:05:13","guid":{"rendered":"http:\/\/alitom.pl\/opakowania\/?page_id=9"},"modified":"2024-06-20T15:14:25","modified_gmt":"2024-06-20T13:14:25","slug":"o-firmie","status":"publish","type":"page","link":"http:\/\/alitom.pl\/opakowania\/o-firmie\/","title":{"rendered":"O firmie"},"content":{"rendered":"<h2>Ponad 30 lat do\u015bwiadczenia na rynku opakowa\u0144 plastikowych.<\/h2>\n<p>Nieprzerwanie od ponad 30 lat zaopatrujemy firmy w opakowania z tworzyw sztucznych. Dzi\u0119ki zdobytemu do\u015bwiadczeniu, kreatywno\u015bci i specjalistycznej wiedzy \u015bwiadczymy dla Pa\u0144stwa us\u0142ugi na najwy\u017cszym poziomie. Przez lata dzia\u0142alno\u015bci uda\u0142o nam si\u0119 wypracowa\u0107 mark\u0119 solidnej i zaufanej firmy, kt\u00f3ra bez problem\u00f3w dostosowuje si\u0119 do stawianych przez klient\u00f3w potrzeb. Wyr\u00f3\u017cnia nas wysoka jako\u015b\u0107 us\u0142ug, terminowo\u015b\u0107 dostaw oraz konkurencyjne ceny.<\/p>\n<h2>Obs\u0142uga klienta na najwy\u017cszym poziomie<\/h2>\n<p>W naszej firmie najwa\u017cniejszy jest klient, dlatego te\u017c zawsze stawiamy jego potrzeby na pierwszym miejscu.  Do ka\u017cdego klienta podchodzimy indywidualnie a dzi\u0119ki profesjonalizmowi, do\u015bwiadczeniu oraz szerokiej wiedzy z zakresu opakowa\u0144 z tworzyw sztucznych obs\u0142uga Pa\u0144stwa firmy przebiega szybko i sprawnie od momentu pierwszego kontaktu, poprzez wycen\u0119 oraz realizacj\u0119 zam\u00f3wienia.<\/p>\n<h2>Bogata oferta pojemnik\u00f3w plastikowych.<\/h2>\n<p>W swojej ofercie posiadamy opakowania plastikowe kt\u00f3re wykorzystywane s\u0105 zar\u00f3wno do magazynowania jak i transportu produkt\u00f3w w wielu r\u00f3\u017cnych bran\u017cach. Szeroka oferta pojemnik\u00f3w z tworzyw sztucznych sprawi\u0142a \u017ce dzi\u015b wsp\u00f3\u0142pracujemy m.in z firmami z bran\u017cy spo\u017cywczej (gdzie dostarczamy plastikowe skrzynki, palety i opakowania typu kanistry, butelki i s\u0142oiki plastikowe) oraz bran\u017cy chemicznej, farmaceutycznej, technicznej, rolnej i motoryzacyjnej (gdzie dostarczamy g\u0142\u00f3wnie kanistry, butelki, beczki, skrzynki, oraz s\u0142oiki plastikowe).<\/p>\n<h2>Wysoka jako\u015b\u0107 opakowa\u0144 z tworzyw sztucznych.<\/h2>\n<p>Wyroby produkowane s\u0105 z wysokiej jako\u015bci surowc\u00f3w HDPE, PE oraz PP zapewniaj\u0105cych d\u0142ugi okres eksploatacji, dzi\u0119ki czemu nasze pojemniki plastikowe znajduj\u0105 zastosowanie r\u00f3wnie\u017c w najbardziej wymagaj\u0105cych bran\u017cach takich jak spo\u017cywcza, chemiczna i farmaceutyczna. Na wszystkie nasze opakowania posiadamy \u015bwiadectwa jako\u015bci oraz deklaracje zgodno\u015bci dopuszczaj\u0105ce pojemniki do kontaktu z \u017cywno\u015bci\u0105. Zapraszamy do wsp\u00f3\u0142pracy.<\/p>\n","protected":false},"excerpt":{"rendered":"<p>Ponad 30 lat do\u015bwiadczenia na rynku opakowa\u0144 plastikowych. Nieprzerwanie od ponad 30 lat zaopatrujemy firmy w opakowania z tworzyw sztucznych. Dzi\u0119ki zdobytemu do\u015bwiadczeniu, kreatywno\u015bci i specjalistycznej wiedzy \u015bwiadczymy dla Pa\u0144stwa us\u0142ugi na najwy\u017cszym poziomie. Przez lata dzia\u0142alno\u015bci uda\u0142o nam si\u0119 wypracowa\u0107 mark\u0119 solidnej i zaufanej firmy, kt\u00f3ra bez problem\u00f3w dostosowuje si\u0119 do stawianych przez klient\u00f3w [&hellip;]<\/p>\n","protected":false},"author":1,"featured_media":0,"parent":0,"menu_order":0,"comment_status":"closed","ping_status":"closed","template":"","meta":{"_acf_changed":false,"footnotes":""},"class_list":["post-9","page","type-page","status-publish","hentry"],"acf":[],"yoast_head":"<!-- This site is optimized with the Yoast SEO plugin v22.8 - https:\/\/yoast.com\/wordpress\/plugins\/seo\/ -->\n<title>Dystrybutor opakowa\u0144 z tworzyw sztucznych - OPAKOWANIA ALITOM<\/title>\n<meta name=\"description\" content=\"Firma z ponad 30 letnim do\u015bwiadczeniem w sprzeda\u017cy opakowa\u0144 z tworzyw sztucznych. Specjali\u015bci w doradztwie oraz doborze pojemnik\u00f3w do Twojej dzia\u0142alno\u015bci.\" \/>\n<meta name=\"robots\" content=\"index, follow, max-snippet:-1, max-image-preview:large, max-video-preview:-1\" \/>\n<link rel=\"canonical\" href=\"http:\/\/alitom.pl\/opakowania\/o-firmie\/\" \/>\n<meta property=\"og:locale\" content=\"pl_PL\" \/>\n<meta property=\"og:type\" content=\"article\" \/>\n<meta property=\"og:title\" content=\"Dystrybutor opakowa\u0144 z tworzyw sztucznych - OPAKOWANIA ALITOM\" \/>\n<meta property=\"og:description\" content=\"Firma z ponad 30 letnim do\u015bwiadczeniem w sprzeda\u017cy opakowa\u0144 z tworzyw sztucznych. Specjali\u015bci w doradztwie oraz doborze pojemnik\u00f3w do Twojej dzia\u0142alno\u015bci.\" \/>\n<meta property=\"og:url\" content=\"http:\/\/alitom.pl\/opakowania\/o-firmie\/\" \/>\n<meta property=\"og:site_name\" content=\"ALITOM\" \/>\n<meta property=\"article:modified_time\" content=\"2024-06-20T13:14:25+00:00\" \/>\n<meta name=\"twitter:card\" content=\"summary_large_image\" \/>\n<meta name=\"twitter:label1\" content=\"Szacowany czas czytania\" \/>\n\t<meta name=\"twitter:data1\" content=\"2 minuty\" \/>\n<script type=\"application\/ld+json\" class=\"yoast-schema-graph\">{\"@context\":\"https:\/\/schema.org\",\"@graph\":[{\"@type\":\"WebPage\",\"@id\":\"http:\/\/alitom.pl\/opakowania\/o-firmie\/\",\"url\":\"http:\/\/alitom.pl\/opakowania\/o-firmie\/\",\"name\":\"Dystrybutor opakowa\u0144 z tworzyw sztucznych - OPAKOWANIA ALITOM\",\"isPartOf\":{\"@id\":\"http:\/\/alitom.pl\/opakowania\/#website\"},\"datePublished\":\"2024-03-25T10:05:13+00:00\",\"dateModified\":\"2024-06-20T13:14:25+00:00\",\"description\":\"Firma z ponad 30 letnim do\u015bwiadczeniem w sprzeda\u017cy opakowa\u0144 z tworzyw sztucznych. Specjali\u015bci w doradztwie oraz doborze pojemnik\u00f3w do Twojej dzia\u0142alno\u015bci.\",\"breadcrumb\":{\"@id\":\"http:\/\/alitom.pl\/opakowania\/o-firmie\/#breadcrumb\"},\"inLanguage\":\"pl-PL\",\"potentialAction\":[{\"@type\":\"ReadAction\",\"target\":[\"http:\/\/alitom.pl\/opakowania\/o-firmie\/\"]}]},{\"@type\":\"BreadcrumbList\",\"@id\":\"http:\/\/alitom.pl\/opakowania\/o-firmie\/#breadcrumb\",\"itemListElement\":[{\"@type\":\"ListItem\",\"position\":1,\"name\":\"Strona g\u0142\u00f3wna\",\"item\":\"http:\/\/alitom.pl\/opakowania\/\"},{\"@type\":\"ListItem\",\"position\":2,\"name\":\"O firmie\"}]},{\"@type\":\"WebSite\",\"@id\":\"http:\/\/alitom.pl\/opakowania\/#website\",\"url\":\"http:\/\/alitom.pl\/opakowania\/\",\"name\":\"ALITOM\",\"description\":\"Opakowania z tworzyw sztucznych\",\"potentialAction\":[{\"@type\":\"SearchAction\",\"target\":{\"@type\":\"EntryPoint\",\"urlTemplate\":\"http:\/\/alitom.pl\/opakowania\/?s={search_term_string}\"},\"query-input\":\"required name=search_term_string\"}],\"inLanguage\":\"pl-PL\"}]}<\/script>\n<!-- \/ Yoast SEO plugin. -->","yoast_head_json":{"title":"Dystrybutor opakowa\u0144 z tworzyw sztucznych - OPAKOWANIA ALITOM","description":"Firma z ponad 30 letnim do\u015bwiadczeniem w sprzeda\u017cy opakowa\u0144 z tworzyw sztucznych. Specjali\u015bci w doradztwie oraz doborze pojemnik\u00f3w do Twojej dzia\u0142alno\u015bci.","robots":{"index":"index","follow":"follow","max-snippet":"max-snippet:-1","max-image-preview":"max-image-preview:large","max-video-preview":"max-video-preview:-1"},"canonical":"http:\/\/alitom.pl\/opakowania\/o-firmie\/","og_locale":"pl_PL","og_type":"article","og_title":"Dystrybutor opakowa\u0144 z tworzyw sztucznych - OPAKOWANIA ALITOM","og_description":"Firma z ponad 30 letnim do\u015bwiadczeniem w sprzeda\u017cy opakowa\u0144 z tworzyw sztucznych. Specjali\u015bci w doradztwie oraz doborze pojemnik\u00f3w do Twojej dzia\u0142alno\u015bci.","og_url":"http:\/\/alitom.pl\/opakowania\/o-firmie\/","og_site_name":"ALITOM","article_modified_time":"2024-06-20T13:14:25+00:00","twitter_card":"summary_large_image","twitter_misc":{"Szacowany czas czytania":"2 minuty"},"schema":{"@context":"https:\/\/schema.org","@graph":[{"@type":"WebPage","@id":"http:\/\/alitom.pl\/opakowania\/o-firmie\/","url":"http:\/\/alitom.pl\/opakowania\/o-firmie\/","name":"Dystrybutor opakowa\u0144 z tworzyw sztucznych - OPAKOWANIA ALITOM","isPartOf":{"@id":"http:\/\/alitom.pl\/opakowania\/#website"},"datePublished":"2024-03-25T10:05:13+00:00","dateModified":"2024-06-20T13:14:25+00:00","description":"Firma z ponad 30 letnim do\u015bwiadczeniem w sprzeda\u017cy opakowa\u0144 z tworzyw sztucznych. Specjali\u015bci w doradztwie oraz doborze pojemnik\u00f3w do Twojej dzia\u0142alno\u015bci.","breadcrumb":{"@id":"http:\/\/alitom.pl\/opakowania\/o-firmie\/#breadcrumb"},"inLanguage":"pl-PL","potentialAction":[{"@type":"ReadAction","target":["http:\/\/alitom.pl\/opakowania\/o-firmie\/"]}]},{"@type":"BreadcrumbList","@id":"http:\/\/alitom.pl\/opakowania\/o-firmie\/#breadcrumb","itemListElement":[{"@type":"ListItem","position":1,"name":"Strona g\u0142\u00f3wna","item":"http:\/\/alitom.pl\/opakowania\/"},{"@type":"ListItem","position":2,"name":"O firmie"}]},{"@type":"WebSite","@id":"http:\/\/alitom.pl\/opakowania\/#website","url":"http:\/\/alitom.pl\/opakowania\/","name":"ALITOM","description":"Opakowania z tworzyw sztucznych","potentialAction":[{"@type":"SearchAction","target":{"@type":"EntryPoint","urlTemplate":"http:\/\/alitom.pl\/opakowania\/?s={search_term_string}"},"query-input":"required name=search_term_string"}],"inLanguage":"pl-PL"}]}},"_links":{"self":[{"href":"http:\/\/alitom.pl\/opakowania\/wp-json\/wp\/v2\/pages\/9","targetHints":{"allow":["GET"]}}],"collection":[{"href":"http:\/\/alitom.pl\/opakowania\/wp-json\/wp\/v2\/pages"}],"about":[{"href":"http:\/\/alitom.pl\/opakowania\/wp-json\/wp\/v2\/types\/page"}],"author":[{"embeddable":true,"href":"http:\/\/alitom.pl\/opakowania\/wp-json\/wp\/v2\/users\/1"}],"replies":[{"embeddable":true,"href":"http:\/\/alitom.pl\/opakowania\/wp-json\/wp\/v2\/comments?post=9"}],"version-history":[{"count":7,"href":"http:\/\/alitom.pl\/opakowania\/wp-json\/wp\/v2\/pages\/9\/revisions"}],"predecessor-version":[{"id":831,"href":"http:\/\/alitom.pl\/opakowania\/wp-json\/wp\/v2\/pages\/9\/revisions\/831"}],"wp:attachment":[{"href":"http:\/\/alitom.pl\/opakowania\/wp-json\/wp\/v2\/media?parent=9"}],"curies":[{"name":"wp","href":"https:\/\/api.w.org\/{rel}","templated":true}]}}